{"id":28,"date":"2023-06-20T08:52:59","date_gmt":"2023-06-20T08:52:59","guid":{"rendered":"https:\/\/dwyeroglesbay.com\/?page_id=28"},"modified":"2023-06-20T08:52:59","modified_gmt":"2023-06-20T08:52:59","slug":"tips-och-tricks-for-att-renovera-pa-en-budget","status":"publish","type":"page","link":"https:\/\/dwyeroglesbay.com\/?page_id=28","title":{"rendered":"Tips och Tricks f\u00f6r att Renovera p\u00e5 en Budget"},"content":{"rendered":"<p>Renovering p\u00e5 en budget kan verka som en utmaning, men det beh\u00f6ver inte vara om\u00f6jligt med en <a href=\"https:\/\/snickarenistockholm.se\/nacka\">snickare nacka<\/a>. Med r\u00e4tt strategi och lite kreativitet kan du skapa din dr\u00f6mrenovering utan att bryta banken.<\/p>\n<p>F\u00f6rsta steget i alla renoveringsprojekt \u00e4r att best\u00e4mma din budget. Det \u00e4r viktigt att vara realistisk om vad du har r\u00e5d med och var noggrann med att beakta alla potentiella kostnader. Inkludera kostnader f\u00f6r material, arbete, ov\u00e4ntade utgifter och en <a href=\"https:\/\/www.nordea.se\/privat\/liv\/privatekonomi\/ta-kontroll-over-ekonomin\/buffertsparande.html\">buffert f\u00f6r of\u00f6rutsedda kostnader<\/a>.<\/p>\n<p>F\u00f6r att h\u00e5lla kostnaderna nere, t\u00e4nk p\u00e5 att \u00e5teranv\u00e4nda och \u00e5tervinna s\u00e5 mycket som m\u00f6jligt. Gamla m\u00f6bler kan exempelvis \u00e5terupplivas med lite slipning och m\u00e5lning. Du kan ocks\u00e5 leta efter begagnade material och m\u00f6bler p\u00e5 auktioner, loppmarknader och online. Detta kan inte bara spara pengar, men ocks\u00e5 bidra till en unik och personlig touch till din renovering.<\/p>\n<p>Det \u00e4r ocks\u00e5 en bra id\u00e9 att prioritera dina renoveringsprojekt. Om din budget \u00e4r begr\u00e4nsad kanske du inte kan g\u00f6ra allt p\u00e5 en g\u00e5ng, s\u00e5 fokusera p\u00e5 de mest kritiska eller synliga omr\u00e5dena f\u00f6rst. Om ditt k\u00f6k till exempel \u00e4r gammalt och slitet, kan en renovering av det ge ett stort intryck och f\u00f6rb\u00e4ttra funktionen i ditt hem.<\/p>\n<p>Vid val av material, leta efter kostnadseffektiva alternativ som inte kompromissar med kvaliteten. Det finns m\u00e5nga prisv\u00e4rda material som ser bra ut och h\u00e5ller l\u00e4nge. Till exempel kan laminat eller kvarts vara ett mer budgetv\u00e4nligt alternativ till granit eller marmor f\u00f6r k\u00f6ksb\u00e4nkskivor.<\/p>\n<p>Att g\u00f6ra s\u00e5 mycket som m\u00f6jligt sj\u00e4lv kan ocks\u00e5 hj\u00e4lpa dig att spara pengar. Men det \u00e4r viktigt att k\u00e4nna till dina egna begr\u00e4nsningar. Om du \u00e4r bekv\u00e4m med att g\u00f6ra sm\u00e5 jobb som m\u00e5lning och mindre installationer, g\u00e5 p\u00e5 det. Men st\u00f6rre jobb som elektricitet eller r\u00f6rarbete b\u00f6r l\u00e4mnas till proffsen f\u00f6r att undvika dyra eller farliga misstag.<\/p>\n<p>Att planera noggrant \u00e4r ocks\u00e5 viktigt. Genom att spendera tid p\u00e5 att planera kan du hitta s\u00e4tt att sk\u00e4ra ner kostnader utan att kompromissa med slutresultatet. Det kan inneb\u00e4ra att j\u00e4mf\u00f6ra priser p\u00e5 material, hitta de b\u00e4sta tidpunkterna f\u00f6r att k\u00f6pa varor, eller att utnyttja f\u00f6rs\u00e4ljning och rabatter.<\/p>\n<p>\u00c4ven om du renoverar p\u00e5 en budget, kom ih\u00e5g att kvaliteten inte b\u00f6r offras. En billig l\u00f6sning som inte h\u00e5ller l\u00e4nge kan bli mer kostsam p\u00e5 l\u00e5ng sikt. Det \u00e4r b\u00e4ttre att investera i kvalitetsmaterial och hantverk som kommer att h\u00e5lla och l\u00e4gga till v\u00e4rde till ditt hem \u00f6ver tid.<\/p>\n<p>Det \u00e4r ocks\u00e5 viktigt att vara flexibel. Renoveringsprojekt f\u00f6ljer s\u00e4llan exakt planen och ov\u00e4ntade utgifter kan dyka upp. Om du har en viss buffert i din budget och \u00e4r beredd att <a href=\"https:\/\/www.av.se\/halsa-och-sakerhet\/arbetsanpassning--forebygg-eller-atgarda-sjukfranvaro\/vagledning-om-arbetsanpassning\/tillvagagangssatt-vid-arbetsanpassning\/\">anpassa dina planer vid behov<\/a>, kommer du att k\u00e4nna dig mindre stressad n\u00e4r dessa situationer uppst\u00e5r.<\/p>\n<p>Ett annat bra tips f\u00f6r att renovera p\u00e5 en budget \u00e4r att f\u00f6rlita sig p\u00e5 den visuella effekten. Vissa projekt, som att m\u00e5la v\u00e4ggarna eller byta ut belysningen, \u00e4r relativt billiga men kan drastiskt f\u00f6r\u00e4ndra utseendet p\u00e5 ditt utrymme. Genom att l\u00e4gga ditt fokus p\u00e5 dessa omr\u00e5den kan du uppn\u00e5 en stor f\u00f6r\u00e4ndring utan en stor prislapp.<\/p>\n<p>Utnyttja \u00e4ven teknik till din f\u00f6rdel. Det finns m\u00e5nga gratis online-verktyg och appar som kan hj\u00e4lpa dig att planera din renovering, j\u00e4mf\u00f6ra priser, och visualisera hur olika element kommer att se ut i ditt utrymme. Dessa kan vara ov\u00e4rderliga resurser f\u00f6r att hj\u00e4lpa dig att h\u00e5lla din renovering p\u00e5 en budget.<\/p>\n<p>Slutligen, kom ih\u00e5g att renovering p\u00e5 en budget inte beh\u00f6ver betyda att du kompromissar med ditt dr\u00f6mresultat. Med kreativitet, planering och lite t\u00e5lamod kan du skapa en vacker och funktionell renovering som speglar din personliga stil utan att dr\u00e4nera ditt bankkonto.<\/p>\n<p>Att renovera p\u00e5 en budget kan kr\u00e4va mer tid och eftertanke, men bel\u00f6ningen kommer i form av den tillfredsst\u00e4llelse du f\u00e5r fr\u00e5n att veta att du har skapat ditt dr\u00f6mhem p\u00e5 dina egna villkor. Oavsett om du renoverar ett rum eller ett helt hus, kommer dessa tips och tricks att hj\u00e4lpa dig att g\u00f6ra det b\u00e4sta av din budget och skapa en renovering som du kommer att \u00e4lska i m\u00e5nga \u00e5r fram\u00f6ver.<\/p>\n<p>&nbsp;<\/p>\n","protected":false},"excerpt":{"rendered":"<p>Renovering p\u00e5 en budget kan verka som en utmaning, men det beh\u00f6ver inte vara om\u00f6jligt med en snickare nacka. Med r\u00e4tt strategi [&hellip;]<\/p>\n","protected":false},"author":3,"featured_media":0,"parent":0,"menu_order":0,"comment_status":"closed","ping_status":"closed","template":"","meta":[],"_links":{"self":[{"href":"https:\/\/dwyeroglesbay.com\/index.php?rest_route=\/wp\/v2\/pages\/28"}],"collection":[{"href":"https:\/\/dwyeroglesbay.com\/index.php?rest_route=\/wp\/v2\/pages"}],"about":[{"href":"https:\/\/dwyeroglesbay.com\/index.php?rest_route=\/wp\/v2\/types\/page"}],"author":[{"embeddable":true,"href":"https:\/\/dwyeroglesbay.com\/index.php?rest_route=\/wp\/v2\/users\/3"}],"replies":[{"embeddable":true,"href":"https:\/\/dwyeroglesbay.com\/index.php?rest_route=%2Fwp%2Fv2%2Fcomments&post=28"}],"version-history":[{"count":1,"href":"https:\/\/dwyeroglesbay.com\/index.php?rest_route=\/wp\/v2\/pages\/28\/revisions"}],"predecessor-version":[{"id":33,"href":"https:\/\/dwyeroglesbay.com\/index.php?rest_route=\/wp\/v2\/pages\/28\/revisions\/33"}],"wp:attachment":[{"href":"https:\/\/dwyeroglesbay.com\/index.php?rest_route=%2Fwp%2Fv2%2Fmedia&parent=28"}],"curies":[{"name":"wp","href":"https:\/\/api.w.org\/{rel}","templated":true}]}}