{"id":29,"date":"2023-06-21T07:48:37","date_gmt":"2023-06-21T07:48:37","guid":{"rendered":"https:\/\/dwyeroglesbay.com\/?page_id=29"},"modified":"2023-06-20T08:54:11","modified_gmt":"2023-06-20T08:54:11","slug":"utnyttja-malartjanster-nar-du-gor-om-hemma","status":"publish","type":"page","link":"https:\/\/dwyeroglesbay.com\/?page_id=29","title":{"rendered":"Utnyttja m\u00e5lartj\u00e4nster n\u00e4r du g\u00f6r om hemma"},"content":{"rendered":"<p>Om du vill g\u00f6ra om hemma kan det r\u00e4cka med att sl\u00e4nga p\u00e5 lite ny f\u00e4rg eller kanske en ny tapet. Du beh\u00f6ver inte heller g\u00f6ra det sj\u00e4lv utan du kan anlita en kompetent m\u00e5lerifirma. Exakt vilka m\u00e5lartj\u00e4nster som erbjuds brukar variera mellan olika f\u00f6retag. D\u00e4rf\u00f6r \u00e4r det viktigt att j\u00e4mf\u00f6ra dina olika alternativ innan du best\u00e4mmer dig f\u00f6r att <a href=\"https:\/\/m\u00e5larenstockholm.nu\">boka m\u00e5lare stockholm<\/a>. D\u00e5 kan du ocks\u00e5 vara s\u00e4ker p\u00e5 att jobbet blir korrekt utf\u00f6rt redan fr\u00e5n b\u00f6rjan.<\/p>\n<p>S\u00e4tt ny f\u00e4rg p\u00e5 huset<img decoding=\"async\" loading=\"lazy\" class=\"size-medium wp-image-30 alignright\" src=\"https:\/\/dwyeroglesbay.com\/wp-content\/uploads\/2023\/06\/Tapetserare-7-300x200.jpg\" alt=\"M\u00e5la om\" width=\"300\" height=\"200\" srcset=\"https:\/\/dwyeroglesbay.com\/wp-content\/uploads\/2023\/06\/Tapetserare-7-300x200.jpg 300w, https:\/\/dwyeroglesbay.com\/wp-content\/uploads\/2023\/06\/Tapetserare-7-768x511.jpg 768w, https:\/\/dwyeroglesbay.com\/wp-content\/uploads\/2023\/06\/Tapetserare-7-230x153.jpg 230w, https:\/\/dwyeroglesbay.com\/wp-content\/uploads\/2023\/06\/Tapetserare-7-350x233.jpg 350w, https:\/\/dwyeroglesbay.com\/wp-content\/uploads\/2023\/06\/Tapetserare-7-480x319.jpg 480w, https:\/\/dwyeroglesbay.com\/wp-content\/uploads\/2023\/06\/Tapetserare-7.jpg 1001w\" sizes=\"(max-width: 300px) 100vw, 300px\" \/>Fasaden \u00e4r en v\u00e4ldigt viktig del av ditt hus. Det \u00e4r din f\u00f6rsta chans att g\u00f6ra ett bra uttryck. Om du har en v\u00e4ldigt sliten fasad kan det allts\u00e5 vara en god id\u00e9 att m\u00e5la om. Det kommer ge hela ditt hus ett lyft. En m\u00e5lerifirma kan inte bara m\u00e5la fasader utan \u00e4ven andra utomhusmilj\u00f6er. Det kan vara allt fr\u00e5n staket och f\u00f6rr\u00e5d till attefallshus. N\u00e4r det kommer till utomhusm\u00e5lning g\u00e4ller det att man g\u00f6r ett grundligt f\u00f6rarbete. Annars kommer inte f\u00e4rgen att h\u00e5lla s\u00e5 bra som det \u00e4r t\u00e4nkt. De flesta m\u00e5lerifirmor utf\u00f6r bara dessa m\u00e5lartj\u00e4nster under v\u00e5r och sommar. Det \u00e4r av helt naturliga sk\u00e4l.<\/p>\n<p>V\u00e4lj en ny snygg tapet<br \/>\nOm du vill g\u00f6ra om i ett speciellt rum kan du alltid tapetsera om. Det finns allt fr\u00e5n enf\u00e4rgade och simpla tapeter till blommor och fondtapeter. Det \u00e4r allts\u00e5 v\u00e4ldigt enkelt att s\u00e4tta sin egen pr\u00e4gel p\u00e5 ett rum. \u00c4ven om tapetsering kan verka enkelt kr\u00e4ver det ocks\u00e5 en hel del f\u00f6rarbete. Annars kommer inte tapeten att sitta s\u00e5 bra som du kanske hade t\u00e4nkt. Du m\u00e5ste ocks\u00e5 vara f\u00f6rsiktig s\u00e5 det inte blir n\u00e5gra bubblor i tapeten. N\u00e4r du \u00f6verl\u00e4mnar det till ett proffs kan du vara s\u00e4ker p\u00e5 att du f\u00e5r ett snyggt resultat.<\/p>\n<p>G\u00f6r om med inomhusm\u00e5lning<br \/>\nN\u00e4r du anlitar en m\u00e5lare kan de ocks\u00e5 hj\u00e4lpa dig med all form av <a href=\"https:\/\/www.colorama.se\/mala\/inomhus\/\">inomhusm\u00e5lning<\/a>. N\u00e5got s\u00e5 enkelt som att byta nyans kan f\u00f6r\u00e4ndra k\u00e4nslan i hela rummet. En m\u00e5lare hj\u00e4lper dig att f\u00f6rverkliga dina id\u00e9er s\u00e5 du f\u00e5r ditt hem precis s\u00e5 som du vill ha det. Det g\u00e5r normalt ganska snabbt att m\u00e5la om. Du beh\u00f6ver allts\u00e5 inte oroa dig f\u00f6r att en s\u00e5dan f\u00f6r\u00e4ndring tar allt f\u00f6r mycket av din tid. \u00c5terigen \u00e4r det viktigt med ett bra f\u00f6rarbete f\u00f6r att f\u00e4rgen ska h\u00e5lla s\u00e5 l\u00e4nge som m\u00f6jligt.<\/p>\n<p>F\u00e5 hj\u00e4lp att v\u00e4lja f\u00e4rg<br \/>\nDet sv\u00e5raste med att m\u00e5la om brukar vara att v\u00e4lja r\u00e4tt nyans. Det finns ju v\u00e4ldigt m\u00e5nga nyanser som \u00e4r v\u00e4ldigt lika varandra. En m\u00e5lare har normalt l\u00e5ng erfarenhet av f\u00e4rg och form och kan ge dig v\u00e4rdefulla tips. Ni kan ocks\u00e5 provm\u00e5la med ett par olika f\u00e4rger f\u00f6r att se hur de ser ut p\u00e5 v\u00e4ggen.<\/p>\n","protected":false},"excerpt":{"rendered":"<p>Om du vill g\u00f6ra om hemma kan det r\u00e4cka med att sl\u00e4nga p\u00e5 lite ny f\u00e4rg eller kanske en ny tapet. Du [&hellip;]<\/p>\n","protected":false},"author":3,"featured_media":0,"parent":0,"menu_order":0,"comment_status":"closed","ping_status":"closed","template":"","meta":[],"_links":{"self":[{"href":"https:\/\/dwyeroglesbay.com\/index.php?rest_route=\/wp\/v2\/pages\/29"}],"collection":[{"href":"https:\/\/dwyeroglesbay.com\/index.php?rest_route=\/wp\/v2\/pages"}],"about":[{"href":"https:\/\/dwyeroglesbay.com\/index.php?rest_route=\/wp\/v2\/types\/page"}],"author":[{"embeddable":true,"href":"https:\/\/dwyeroglesbay.com\/index.php?rest_route=\/wp\/v2\/users\/3"}],"replies":[{"embeddable":true,"href":"https:\/\/dwyeroglesbay.com\/index.php?rest_route=%2Fwp%2Fv2%2Fcomments&post=29"}],"version-history":[{"count":1,"href":"https:\/\/dwyeroglesbay.com\/index.php?rest_route=\/wp\/v2\/pages\/29\/revisions"}],"predecessor-version":[{"id":34,"href":"https:\/\/dwyeroglesbay.com\/index.php?rest_route=\/wp\/v2\/pages\/29\/revisions\/34"}],"wp:attachment":[{"href":"https:\/\/dwyeroglesbay.com\/index.php?rest_route=%2Fwp%2Fv2%2Fmedia&parent=29"}],"curies":[{"name":"wp","href":"https:\/\/api.w.org\/{rel}","templated":true}]}}